{"id":9701,"date":"2023-08-07T13:48:12","date_gmt":"2023-08-07T12:48:12","guid":{"rendered":"https:\/\/askot.cz\/?page_id=9701"},"modified":"2023-10-13T10:23:30","modified_gmt":"2023-10-13T09:23:30","slug":"julia-poger-know-your-worth","status":"publish","type":"page","link":"https:\/\/askot.cz\/en\/events\/julia-poger-know-your-worth\/","title":{"rendered":"JULIA POGER \u2013 KNOW YOUR WORTH"},"content":{"rendered":"<p style=\"text-align: left;\"><strong>\ud83d\uddd3\ufe0f Date: Sunday 5 November 2023<\/strong><\/p>\n<p style=\"text-align: left;\"><strong>\u23f0 Time: 9\u201317<\/strong><\/p>\n<p style=\"text-align: left;\"><strong>\ud83d\udccd Venue: Senov\u00e1\u017en\u00e9 n\u00e1m. 23, Prague, Czech Republic<\/strong><\/p>\n<p style=\"text-align: left;\"><strong>\ud83d\udcac Language: English<\/strong><\/p>\n<p style=\"text-align: left;\"><strong>\ud83d\udcb0 Investment: \u20ac250<\/strong><\/p>\n<p><strong>Cancellation fee: 50% on Oct 15th and later; <\/strong><strong>100% on Oct 22th and later<\/strong><\/p>\n<p>&nbsp;<\/p>\n<p style=\"text-align: center;\"><img loading=\"lazy\" class=\"aligncenter wp-image-9612 size-full\" src=\"https:\/\/askot.cz\/wp-content\/uploads\/2023\/08\/Picture-1.png\" alt=\"\" width=\"941\" height=\"235\" srcset=\"https:\/\/askot.cz\/wp-content\/uploads\/2023\/08\/Picture-1.png 941w, https:\/\/askot.cz\/wp-content\/uploads\/2023\/08\/Picture-1-300x75.png 300w, https:\/\/askot.cz\/wp-content\/uploads\/2023\/08\/Picture-1-768x192.png 768w\" sizes=\"(max-width: 941px) 100vw, 941px\" \/><\/p>\n<p>&nbsp;<\/p>\n<p><span style=\"font-weight: 400;\">Do clients treat you like a commodity?<\/span><\/p>\n<p><span style=\"font-weight: 400;\">Can you convince your clients that you are the best quality solution?\u00a0<\/span><\/p>\n<p><span style=\"font-weight: 400;\">Are you lacking confidence in negotiations?<\/span><\/p>\n<p>&nbsp;<\/p>\n<p><span style=\"font-weight: 400;\">If you want clients to treat you better, with more respect and higher fees&#8230;<\/span><\/p>\n<h3 style=\"text-align: left;\"><\/h3>\n<p style=\"text-align: center;\"><a class=\"hp_banner--a\" href=\"https:\/\/docs.google.com\/forms\/d\/1Laxz9125TzLDGdzdR1aVR4BlQLY4MaWvFLEqK35dprw\/edit\">Sign-up for our seminar with Julia Poger!<\/a><\/p>\n<h3 style=\"text-align: left;\">You&#8217;ll discover:<\/h3>\n<p>&nbsp;<\/p>\n<p style=\"text-align: left;\">\ud83d\udd26 how to best negotiate as an interpreter<\/p>\n<p style=\"text-align: left;\">\ud83d\udd26 how the buyer\u2019s (and seller\u2019s!) psychology works<\/p>\n<p style=\"text-align: left;\">\ud83d\udd26 why your clients treat you like a pencil in a drawer full of pencils and how to change that<\/p>\n<p>&nbsp;<\/p>\n<p><span style=\"font-weight: 400;\">You will learn how to use the 8-step \u201cKnow Your Worth\u201d process to become an expert and stand out from your competitors.<\/span><\/p>\n<p style=\"text-align: left;\">After the event, you will be invited to join Julia&#8217;s <span style=\"font-size: 1rem;\">KYW community for continued support and fellowship.<\/span><\/p>\n<p>&nbsp;<\/p>\n<h3 style=\"text-align: left;\">About Julia:<\/h3>\n<p>&nbsp;<\/p>\n<p style=\"text-align: left;\"><a href=\"https:\/\/www.juliapoger.com\/\">Julia Poger<\/a> is an EN-RU-FR conference interpreter with 30 years of experience. Throughout her career, she has interpreted for world leaders in business and politics, but also sold books, shoes and, most interestingly, newspaper ads at the age of 12. Besides Know Your Worth, her long-standing CPD offerings include the <a href=\"https:\/\/www.cciconline.net\/\">Cambridge Conference Interpretation Course.<\/a> Julia is a member of AIIC.<\/p>\n<p style=\"text-align: left;\"><img loading=\"lazy\" class=\"alignnone size-full wp-image-9692\" src=\"https:\/\/askot.cz\/wp-content\/uploads\/2023\/08\/kyw-faberge-1.jpg\" alt=\"\" width=\"1024\" height=\"682\" srcset=\"https:\/\/askot.cz\/wp-content\/uploads\/2023\/08\/kyw-faberge-1.jpg 1024w, https:\/\/askot.cz\/wp-content\/uploads\/2023\/08\/kyw-faberge-1-300x200.jpg 300w, https:\/\/askot.cz\/wp-content\/uploads\/2023\/08\/kyw-faberge-1-768x512.jpg 768w\" sizes=\"(max-width: 1024px) 100vw, 1024px\" \/><\/p>\n<p>&nbsp;<\/p>\n<p style=\"text-align: center;\">Having Julia in person in Central Europe is a unique opportunity. Do not miss it!<\/p>\n<p>&nbsp;<\/p>\n<h3 style=\"text-align: center;\"><\/h3>\n<p style=\"text-align: center;\"><a class=\"hp_banner--a\" href=\"https:\/\/docs.google.com\/forms\/d\/1Laxz9125TzLDGdzdR1aVR4BlQLY4MaWvFLEqK35dprw\/edit\">I am signing up right now!<\/a><\/p>\n<p>&nbsp;<\/p>\n<p>&nbsp;<\/p>\n<p style=\"text-align: center;\">Any questions? Write to edu@askot.cz \ud83d\udc8c<\/p>\n","protected":false},"excerpt":{"rendered":"<p>\ud83d\uddd3\ufe0f Date: Sunday 5 November 2023 \u23f0 Time: 9\u201317 \ud83d\udccd Venue: Senov\u00e1\u017en\u00e9 n\u00e1m. 23, Prague, Czech Republic \ud83d\udcac Language: English \ud83d\udcb0 Investment: \u20ac250 Cancellation fee: 50% on Oct 15th and later; 100% on Oct 22th and later &nbsp; &nbsp; Do clients treat you like a commodity? Can you convince your clients that you are the<\/p>\n<p><a class=\"btn btn-secondary understrap-read-more-link\" href=\"https:\/\/askot.cz\/en\/events\/julia-poger-know-your-worth\/\">V\u00edce&#8230;<\/a><\/p>\n","protected":false},"author":122,"featured_media":0,"parent":9708,"menu_order":0,"comment_status":"closed","ping_status":"closed","template":"","meta":[],"aioseo_notices":[],"post_mailing_queue_ids":[],"_links":{"self":[{"href":"https:\/\/askot.cz\/en\/wp-json\/wp\/v2\/pages\/9701"}],"collection":[{"href":"https:\/\/askot.cz\/en\/wp-json\/wp\/v2\/pages"}],"about":[{"href":"https:\/\/askot.cz\/en\/wp-json\/wp\/v2\/types\/page"}],"author":[{"embeddable":true,"href":"https:\/\/askot.cz\/en\/wp-json\/wp\/v2\/users\/122"}],"replies":[{"embeddable":true,"href":"https:\/\/askot.cz\/en\/wp-json\/wp\/v2\/comments?post=9701"}],"version-history":[{"count":13,"href":"https:\/\/askot.cz\/en\/wp-json\/wp\/v2\/pages\/9701\/revisions"}],"predecessor-version":[{"id":9925,"href":"https:\/\/askot.cz\/en\/wp-json\/wp\/v2\/pages\/9701\/revisions\/9925"}],"up":[{"embeddable":true,"href":"https:\/\/askot.cz\/en\/wp-json\/wp\/v2\/pages\/9708"}],"wp:attachment":[{"href":"https:\/\/askot.cz\/en\/wp-json\/wp\/v2\/media?parent=9701"}],"curies":[{"name":"wp","href":"https:\/\/api.w.org\/{rel}","templated":true}]}}